{"id":903,"date":"2023-03-31T16:53:45","date_gmt":"2023-03-31T14:53:45","guid":{"rendered":"https:\/\/lovoice.fr\/?page_id=903"},"modified":"2025-11-05T17:28:58","modified_gmt":"2025-11-05T16:28:58","slug":"mentions-legales-lovoice","status":"publish","type":"page","link":"https:\/\/lovoice.fr\/index.php\/mentions-legales-lovoice\/","title":{"rendered":"Mentions l\u00e9gales"},"content":{"rendered":"<h1><\/h1>\n<p>L\u2019ensemble du contenu de ce site est la propri\u00e9t\u00e9 de <strong>LOVoice<\/strong>, conform\u00e9ment \u00e0 l\u2019article L.122-4 du code de la propri\u00e9t\u00e9 intellectuelle toute repr\u00e9sentation ou reproduction non express\u00e9ment autoris\u00e9e, int\u00e9grale ou partielle et par quelque proc\u00e9d\u00e9 que ce soit serait illicite et constituerait une contrefa\u00e7on sanctionn\u00e9e par les articles L.335-2 et suivants du code de la propri\u00e9t\u00e9 intellectuelle. Si vous souhaitez utiliser des images que vous trouverez sur notre site, <em><strong>merci de nous contacter au pr\u00e9alable.<\/strong><\/em><\/p>\n<p>Le site <strong>www.lovoice.fr<\/strong> est la propri\u00e9t\u00e9 exclusive de <strong><a href=\"https:\/\/www.societe.com\/societe\/madame-cecile-mattio-917885618.html\">Madame\u00a0C\u00e9cile Mattio<\/a><\/strong>, entrepreneuse individuelle, conform\u00e9ment \u00e0 l\u2019article 6 de la Loi N\u00b02004-575 du 21 juin 2004 pour la confiance dans l\u2019\u00e9conomie num\u00e9rique (LCEN), sont mentionn\u00e9es aux utilisateurs.trices du site www.lovoice.fr l\u2019identit\u00e9 des intervenantes sur la r\u00e9alisation et le suivi du pr\u00e9sent site web. La propri\u00e9taire est <a href=\"https:\/\/www.societe.com\/societe\/madame-cecile-mattio-917885618.html\" target=\"_blank\" rel=\"noopener\"><strong>Madame\u00a0C\u00e9cile Mattio<\/strong><\/a>, entrepreneuse individuelle.<\/p>\n<p><strong>Adresse <\/strong>: 335 route des Aspres 06370 MOUANS-SARTOUX<\/p>\n<p><strong>SIREN<\/strong>\u00a0: 917885618<\/p>\n<p><b>SIRET :<\/b> 91788561800012<\/p>\n<p><strong>Code APE<\/strong> : 6201Z<\/p>\n<h2>H\u00e9bergeur :<\/h2>\n<p>OVH SAS \u2013 2 rue Kellermann \u2013 59100 Roubaix \u2013 France \u2013 RCS Roubaix \u2013 Tourcoing 424 761 419 00045<\/p>\n<h2>Le cr\u00e9ateur du site :<\/h2>\n<p><strong>APHORISME.Lab\u00a0<\/strong>Design &amp; Communication<\/p>\n<h2>Dispositions Informatiques et Libert\u00e9s :<\/h2>\n<p>Conform\u00e9ment \u00e0 la loi \u00ab\u00a0Informatique et Libert\u00e9\u00a0\u00bb n\u00b078-17 du 6 janvier 1978, vous disposez d\u2019un droit d\u2019acc\u00e8s, de rectification, d\u2019information ou d\u2019opposition, sur les donn\u00e9es personnelles que vous nous communiquez. Pour exercer ce droit, vous pouvez en faire la demande par courrier \u00e0 l\u2019adresse suivante :\u00a0<strong style=\"font-style: inherit;\">Madame C\u00e9cile MATTIO<\/strong><strong>,<\/strong>\u00a0335 route des Aspres 06370 MOUANS-SARTOUX.<\/p>\n<h2>Propri\u00e9t\u00e9 Intellectuelle :<\/h2>\n<p>La reproduction de tout ou d&rsquo;une partie de ce site sur quelque support que ce soit est formellement interdite sauf autorisation expresse de la directrice de la publication : <strong>C\u00e9cile MATTIO &amp; APHORISME.Lab<\/strong><\/p>\n<h2>RGPD : Confidentialit\u00e9 et protection des donn\u00e9es personnelles<\/h2>\n<p><strong>Vous \u00eates actuellement connect\u00e9.e au site\u00a0<\/strong>www.lovoice.fr<strong>, tout internaute ayant acc\u00e8s \u00e0 ce site, s\u2019engage \u00e0 se conformer aux pr\u00e9sentes mentions l\u00e9gales. A travers sa Politique de Protection des Donn\u00e9es \u00e0 caract\u00e8re personnel, <\/strong><strong>Madame C\u00e9cile MATTIO<\/strong><strong> souhaite vous informer du type de donn\u00e9es collect\u00e9es, de l\u2019utilisation qui en sera faite et de leur droit d\u2019acc\u00e8s, de rectification ou de suppression des dites donn\u00e9es.<\/strong><\/p>\n<p style=\"font-style: inherit; font-weight: inherit;\"><strong style=\"font-style: inherit;\"><u style=\"font-style: inherit; font-weight: inherit;\">Dispositions Informatiques et Libert\u00e9s<\/u><\/strong>\u00a0<strong style=\"font-style: inherit;\">:\u00a0<\/strong>Conform\u00e9ment \u00e0 la loi \u00ab\u00a0informatique et Libert\u00e9s\u00a0\u00bb du 6 janvier 1978 modifi\u00e9e par la loi du 20 juin 2018 (art.32), nous vous informons que les informations nominatives que le site <a href=\"http:\/\/www.lovoice.fr\">www.lovoice.fr<\/a> est amen\u00e9 \u00e0 recueillir proviennent de l\u2019enregistrement volontaire de ces informations sur les formulaires de contact ou demande d\u2019inscription \u00e0 notre Newsletter. Conform\u00e9ment \u00e0 l\u2019article 32 de cette m\u00eame loi, nous vous pr\u00e9cisons que les informations indispensables <a href=\"http:\/\/www.lovoice.fr\">www.lovoice.fr<\/a> pour traiter et ex\u00e9cuter vos demandes, vous sont signal\u00e9es par un ast\u00e9risque (*) dans notre formulaire de contact. Les compl\u00e9ments d\u2019informations demand\u00e9es, pour lesquels la r\u00e9ponse est facultative, sont destin\u00e9s \u00e0 mieux vous conna\u00eetre et nous permettre de r\u00e9pondre au mieux \u00e0 votre demande.<\/p>\n<p style=\"font-style: inherit; font-weight: inherit;\"><strong style=\"font-style: inherit;\"><u style=\"font-style: inherit; font-weight: inherit;\">Responsable du traitement\u00a0<\/u><\/strong>:\u00a0<strong style=\"font-style: inherit;\">Madame C\u00e9cile MATTIO<\/strong> informe que la responsable du traitement des donn\u00e9es est \u00e0 la disposition des utilisateurs.trices \u00e0 l\u2019adresse e-mail <a href=\"mailto:contact.lovoiceapp@gmail.com\">contact.lovoiceapp@gmail.com<\/a>, ainsi qu&rsquo;\u00e0 l\u2019adresse postale : 335 route des Aspres 06370 MOUANS-SARTOUX<\/p>\n<p><strong><u>Donn\u00e9es \u00e0 caract\u00e8re personnel trait\u00e9es :\u00a0<\/u><\/strong>Dans le cadre de la pr\u00e9sentation de l\u2019application LOVoice, <strong>Madame C\u00e9cile MATTIO<\/strong> s\u2019engage \u00e0 collecter uniquement les donn\u00e9es n\u00e9cessaires selon le bon vouloir des utilisateurs.trices\u00a0via les formulaire de demande.<\/p>\n<p>Les donn\u00e9es pourront \u00eatre \u00e9galement collect\u00e9es par email, t\u00e9l\u00e9phone, sites web associ\u00e9s type r\u00e9seaux sociaux, sites de vente en ligne ou \u00e9v\u00e9nements de type salons organis\u00e9s par des tiers.<\/p>\n<p><strong><u>Dispositions Informatiques et Libert\u00e9s<\/u><\/strong>\u00a0: Conform\u00e9ment \u00e0 la loi \u00ab\u00a0Informatique et Libert\u00e9\u00a0\u00bb n\u00b078-17 du 6 janvier 1978, vous disposez d\u2019un droit d\u2019acc\u00e8s, de rectification, d\u2019information ou d\u2019opposition, sur les donn\u00e9es personnelles que vous nous communiquez. Pour exercer ce droit, vous pouvez en faire la demande aupr\u00e8s de notre service client par l\u2019interm\u00e9diaire de notre formulaire de contact ou par courrier \u00e0 l\u2019adresse suivante :\u00a0<strong style=\"font-style: inherit;\">Madame C\u00e9cile MATTIO<\/strong><strong> ,<\/strong>\u00a0335 route des Aspres 06370 MOUANS-SARTOUX<\/p>\n<p style=\"font-style: inherit; font-weight: inherit;\"><strong style=\"font-style: inherit;\"><u style=\"font-style: inherit; font-weight: inherit;\">Finalit\u00e9 du traitement<\/u><\/strong><strong style=\"font-style: inherit;\">\u00a0:\u00a0<\/strong>Les donn\u00e9es \u00e0 caract\u00e8re personnel fournies par les utilisateurs.trices\u00a0serviront uniquement dans le cadre de l\u2019utilisation des offres et services propos\u00e9s par\u00a0<strong style=\"font-style: inherit;\">LOVOICE<\/strong>.<\/p>\n<ul>\n<li>Envoi de newsletter, si vous y consentez express\u00e9ment.<\/li>\n<li>Mesures de fr\u00e9quentation des sites.<\/li>\n<li>Participation \u00e0 des jeux concours.<\/li>\n<\/ul>\n<p style=\"font-style: inherit; font-weight: inherit;\">En cas de prospection commerciale par email ou sms, vous avez la possibilit\u00e9 de ne plus recevoir ces informations ou propositions en cliquant sur le lien de d\u00e9sabonnement ins\u00e9r\u00e9 dans nos emails. Si vous ne souhaitez pas \u00eatre d\u00e9march\u00e9 par t\u00e9l\u00e9phone, vous avez la possibilit\u00e9 de vous inscrire sur la liste d\u2019opposition au d\u00e9marchage t\u00e9l\u00e9phonique sur le site\u00a0<a style=\"font-style: inherit; font-weight: inherit;\" href=\"http:\/\/www.bloctel.gouv.fr\/\">www.bloctel.gouv.fr<\/a>.<\/p>\n<p style=\"font-style: inherit; font-weight: inherit;\"><strong style=\"font-style: inherit;\"><u style=\"font-style: inherit; font-weight: inherit;\">Cession de donn\u00e9es \u00e0 des tiers<\/u><\/strong><strong style=\"font-style: inherit;\">\u00a0:\u00a0<\/strong><strong>Madame C\u00e9cile MATTIO<\/strong> s\u2019engage \u00e0 mettre en \u0153uvre tous les moyens n\u00e9cessaires \u00e0 la protection des donn\u00e9es de ses utilisateurs.trices\u00a0et \u00e0 ne communiquer ces informations uniquement dans le cadre de la l\u00e9gislation r\u00e9gissant son activit\u00e9.<\/p>\n<p style=\"font-style: inherit; font-weight: inherit;\"><strong><u>D\u00e9lai de conservation<\/u><\/strong><strong style=\"font-style: inherit;\">\u00a0:\u00a0<\/strong>Les donn\u00e9es collect\u00e9es seront conserv\u00e9es le temps de l\u2019utilisation des services propos\u00e9s par\u00a0<strong style=\"font-style: inherit;\">Madame C\u00e9cile MATTIO<\/strong> ou jusqu\u2019\u00e0 ce que l&rsquo;utilisateur.trice exerce son droit de suppression ou de portabilit\u00e9. Les r\u00e8gles de conservation des donn\u00e9es appliqu\u00e9es sont celles d\u00e9finies par la loi et varient selon les finalit\u00e9s du recueil et de votre statut\u00a0: prospect, client de la soci\u00e9t\u00e9, candidat \u00e0 un emploi\u2026<\/p>\n<p style=\"font-style: inherit;\"><u style=\"font-weight: bold;\">Droits de l\u2019utilisateur <\/u>: L&rsquo;utilisateur.trice peut \u00e0 tout moment exercer son droit d\u2019acc\u00e8s en application des articles 39 et 40 de cette m\u00eame loi, vous disposez d\u2019un droit de rectification, de suppression, ou de portabilit\u00e9 de ses donn\u00e9es.<strong style=\"font-weight: inherit; font-style: inherit;\">\u00a0<\/strong>L\u2019ex\u00e9cution de ces droits peut \u00eatre effectu\u00e9e directement en contactant\u00a0<strong style=\"font-weight: inherit; font-style: inherit;\">Madame C\u00e9cile MATTIO<\/strong> \u00e0 l\u2019adresse suivante<strong style=\"font-weight: inherit; font-style: inherit;\">,<\/strong>\u00a0335 route des Aspres 06370 MOUANS-SARTOUX , par email \u00e0 <a style=\"font-weight: inherit;\" href=\"mailto:contact.lovoiceapp@gmail.com\">contact.lovoiceapp@gmail.com<\/a>.<\/p>\n<p>Toute demande doit \u00eatre accompagn\u00e9e d\u2019un justificatif d\u2019identit\u00e9. Dans le cas o\u00f9 l&rsquo;utilisateur.trice consid\u00e8re qu\u2019il existe une violation de ses droits, il pourra pr\u00e9senter une r\u00e9clamation directement aupr\u00e8s de <strong>Madame C\u00e9cile MATTIO<\/strong> aux coordonn\u00e9es pr\u00e9c\u00e9demment fournies. Les mineurs de moins de 16 ans ne doivent pas communiquer de donn\u00e9es sur le site\u00a0<strong style=\"font-style: inherit;\">www.lovoice.fr<\/strong><strong>.\u00a0<\/strong>\u00a0mentions l\u00e9gales<\/p>\n","protected":false},"excerpt":{"rendered":"<p>L\u2019ensemble du contenu de ce site est la propri\u00e9t\u00e9 de LOVoice, conform\u00e9ment \u00e0 l\u2019article L.122-4 du code de la propri\u00e9t\u00e9 intellectuelle toute repr\u00e9sentation ou reproduction non express\u00e9ment autoris\u00e9e, int\u00e9grale ou partielle et par quelque proc\u00e9d\u00e9 que ce soit serait illicite et constituerait une contrefa\u00e7on sanctionn\u00e9e par les articles L.335-2 et suivants du code de la [&hellip;]<\/p>\n","protected":false},"author":3,"featured_media":0,"parent":0,"menu_order":0,"comment_status":"closed","ping_status":"closed","template":"","meta":{"_et_pb_use_builder":"","_et_pb_old_content":"","_et_gb_content_width":"1080","footnotes":""},"class_list":["post-903","page","type-page","status-publish","hentry"],"yoast_head":"<!-- This site is optimized with the Yoast SEO plugin v27.4 - https:\/\/yoast.com\/product\/yoast-seo-wordpress\/ -->\n<title>Mentions l\u00e9gales - LOVOICE<\/title>\n<meta name=\"description\" content=\"L\u2019ensemble du contenu de ce site est la propri\u00e9t\u00e9 de LOVoice, conform\u00e9ment \u00e0 l\u2019article L.122-4 du code de la propri\u00e9t\u00e9 intellectuelle toute repr\u00e9sentation ou reproduction non express\u00e9ment autoris\u00e9e, int\u00e9grale ou partielle et par quelque proc\u00e9d\u00e9 que ce soit serait illicite et constituerait une contrefa\u00e7on sanctionn\u00e9e par les articles L.335-2 et suivants du code de la propri\u00e9t\u00e9 intellectuelle. Si vous souhaitez utiliser des images que vous trouverez sur notre site, merci de nous contacter au pr\u00e9alable.\" \/>\n<meta name=\"robots\" content=\"index, follow, max-snippet:-1, max-image-preview:large, max-video-preview:-1\" \/>\n<link rel=\"canonical\" href=\"https:\/\/lovoice.fr\/index.php\/mentions-legales-lovoice\/\" \/>\n<meta property=\"og:locale\" content=\"fr_FR\" \/>\n<meta property=\"og:type\" content=\"article\" \/>\n<meta property=\"og:title\" content=\"Mentions l\u00e9gales - LOVOICE\" \/>\n<meta property=\"og:description\" content=\"L\u2019ensemble du contenu de ce site est la propri\u00e9t\u00e9 de LOVoice, conform\u00e9ment \u00e0 l\u2019article L.122-4 du code de la propri\u00e9t\u00e9 intellectuelle toute repr\u00e9sentation ou reproduction non express\u00e9ment autoris\u00e9e, int\u00e9grale ou partielle et par quelque proc\u00e9d\u00e9 que ce soit serait illicite et constituerait une contrefa\u00e7on sanctionn\u00e9e par les articles L.335-2 et suivants du code de la propri\u00e9t\u00e9 intellectuelle. Si vous souhaitez utiliser des images que vous trouverez sur notre site, merci de nous contacter au pr\u00e9alable.\" \/>\n<meta property=\"og:url\" content=\"https:\/\/lovoice.fr\/index.php\/mentions-legales-lovoice\/\" \/>\n<meta property=\"og:site_name\" content=\"LOVOICE\" \/>\n<meta property=\"article:modified_time\" content=\"2025-11-05T16:28:58+00:00\" \/>\n<meta name=\"twitter:card\" content=\"summary_large_image\" \/>\n<meta name=\"twitter:label1\" content=\"Dur\u00e9e de lecture estim\u00e9e\" \/>\n\t<meta name=\"twitter:data1\" content=\"5 minutes\" \/>\n<script type=\"application\/ld+json\" class=\"yoast-schema-graph\">{\"@context\":\"https:\\\/\\\/schema.org\",\"@graph\":[{\"@type\":\"WebPage\",\"@id\":\"https:\\\/\\\/lovoice.fr\\\/index.php\\\/mentions-legales-lovoice\\\/\",\"url\":\"https:\\\/\\\/lovoice.fr\\\/index.php\\\/mentions-legales-lovoice\\\/\",\"name\":\"Mentions l\u00e9gales - LOVOICE\",\"isPartOf\":{\"@id\":\"https:\\\/\\\/lovoice.fr\\\/#website\"},\"datePublished\":\"2023-03-31T14:53:45+00:00\",\"dateModified\":\"2025-11-05T16:28:58+00:00\",\"description\":\"L\u2019ensemble du contenu de ce site est la propri\u00e9t\u00e9 de LOVoice, conform\u00e9ment \u00e0 l\u2019article L.122-4 du code de la propri\u00e9t\u00e9 intellectuelle toute repr\u00e9sentation ou reproduction non express\u00e9ment autoris\u00e9e, int\u00e9grale ou partielle et par quelque proc\u00e9d\u00e9 que ce soit serait illicite et constituerait une contrefa\u00e7on sanctionn\u00e9e par les articles L.335-2 et suivants du code de la propri\u00e9t\u00e9 intellectuelle. Si vous souhaitez utiliser des images que vous trouverez sur notre site, merci de nous contacter au pr\u00e9alable.\",\"breadcrumb\":{\"@id\":\"https:\\\/\\\/lovoice.fr\\\/index.php\\\/mentions-legales-lovoice\\\/#breadcrumb\"},\"inLanguage\":\"fr-FR\",\"potentialAction\":[{\"@type\":\"ReadAction\",\"target\":[\"https:\\\/\\\/lovoice.fr\\\/index.php\\\/mentions-legales-lovoice\\\/\"]}]},{\"@type\":\"BreadcrumbList\",\"@id\":\"https:\\\/\\\/lovoice.fr\\\/index.php\\\/mentions-legales-lovoice\\\/#breadcrumb\",\"itemListElement\":[{\"@type\":\"ListItem\",\"position\":1,\"name\":\"Accueil\",\"item\":\"https:\\\/\\\/lovoice.fr\\\/\"},{\"@type\":\"ListItem\",\"position\":2,\"name\":\"Mentions l\u00e9gales\"}]},{\"@type\":\"WebSite\",\"@id\":\"https:\\\/\\\/lovoice.fr\\\/#website\",\"url\":\"https:\\\/\\\/lovoice.fr\\\/\",\"name\":\"LOVOICE\",\"description\":\"D\u00e9couvrez une nouvelle VOIX de rencontre !\",\"publisher\":{\"@id\":\"https:\\\/\\\/lovoice.fr\\\/#organization\"},\"potentialAction\":[{\"@type\":\"SearchAction\",\"target\":{\"@type\":\"EntryPoint\",\"urlTemplate\":\"https:\\\/\\\/lovoice.fr\\\/?s={search_term_string}\"},\"query-input\":{\"@type\":\"PropertyValueSpecification\",\"valueRequired\":true,\"valueName\":\"search_term_string\"}}],\"inLanguage\":\"fr-FR\"},{\"@type\":\"Organization\",\"@id\":\"https:\\\/\\\/lovoice.fr\\\/#organization\",\"name\":\"LOVOICE\",\"url\":\"https:\\\/\\\/lovoice.fr\\\/\",\"logo\":{\"@type\":\"ImageObject\",\"inLanguage\":\"fr-FR\",\"@id\":\"https:\\\/\\\/lovoice.fr\\\/#\\\/schema\\\/logo\\\/image\\\/\",\"url\":\"https:\\\/\\\/lovoice.fr\\\/wp-content\\\/uploads\\\/2023\\\/03\\\/LogoLOVOICE-NEON1Violet-copie.png\",\"contentUrl\":\"https:\\\/\\\/lovoice.fr\\\/wp-content\\\/uploads\\\/2023\\\/03\\\/LogoLOVOICE-NEON1Violet-copie.png\",\"width\":967,\"height\":587,\"caption\":\"LOVOICE\"},\"image\":{\"@id\":\"https:\\\/\\\/lovoice.fr\\\/#\\\/schema\\\/logo\\\/image\\\/\"}}]}<\/script>\n<!-- \/ Yoast SEO plugin. -->","yoast_head_json":{"title":"Mentions l\u00e9gales - LOVOICE","description":"L\u2019ensemble du contenu de ce site est la propri\u00e9t\u00e9 de LOVoice, conform\u00e9ment \u00e0 l\u2019article L.122-4 du code de la propri\u00e9t\u00e9 intellectuelle toute repr\u00e9sentation ou reproduction non express\u00e9ment autoris\u00e9e, int\u00e9grale ou partielle et par quelque proc\u00e9d\u00e9 que ce soit serait illicite et constituerait une contrefa\u00e7on sanctionn\u00e9e par les articles L.335-2 et suivants du code de la propri\u00e9t\u00e9 intellectuelle. Si vous souhaitez utiliser des images que vous trouverez sur notre site, merci de nous contacter au pr\u00e9alable.","robots":{"index":"index","follow":"follow","max-snippet":"max-snippet:-1","max-image-preview":"max-image-preview:large","max-video-preview":"max-video-preview:-1"},"canonical":"https:\/\/lovoice.fr\/index.php\/mentions-legales-lovoice\/","og_locale":"fr_FR","og_type":"article","og_title":"Mentions l\u00e9gales - LOVOICE","og_description":"L\u2019ensemble du contenu de ce site est la propri\u00e9t\u00e9 de LOVoice, conform\u00e9ment \u00e0 l\u2019article L.122-4 du code de la propri\u00e9t\u00e9 intellectuelle toute repr\u00e9sentation ou reproduction non express\u00e9ment autoris\u00e9e, int\u00e9grale ou partielle et par quelque proc\u00e9d\u00e9 que ce soit serait illicite et constituerait une contrefa\u00e7on sanctionn\u00e9e par les articles L.335-2 et suivants du code de la propri\u00e9t\u00e9 intellectuelle. Si vous souhaitez utiliser des images que vous trouverez sur notre site, merci de nous contacter au pr\u00e9alable.","og_url":"https:\/\/lovoice.fr\/index.php\/mentions-legales-lovoice\/","og_site_name":"LOVOICE","article_modified_time":"2025-11-05T16:28:58+00:00","twitter_card":"summary_large_image","twitter_misc":{"Dur\u00e9e de lecture estim\u00e9e":"5 minutes"},"schema":{"@context":"https:\/\/schema.org","@graph":[{"@type":"WebPage","@id":"https:\/\/lovoice.fr\/index.php\/mentions-legales-lovoice\/","url":"https:\/\/lovoice.fr\/index.php\/mentions-legales-lovoice\/","name":"Mentions l\u00e9gales - LOVOICE","isPartOf":{"@id":"https:\/\/lovoice.fr\/#website"},"datePublished":"2023-03-31T14:53:45+00:00","dateModified":"2025-11-05T16:28:58+00:00","description":"L\u2019ensemble du contenu de ce site est la propri\u00e9t\u00e9 de LOVoice, conform\u00e9ment \u00e0 l\u2019article L.122-4 du code de la propri\u00e9t\u00e9 intellectuelle toute repr\u00e9sentation ou reproduction non express\u00e9ment autoris\u00e9e, int\u00e9grale ou partielle et par quelque proc\u00e9d\u00e9 que ce soit serait illicite et constituerait une contrefa\u00e7on sanctionn\u00e9e par les articles L.335-2 et suivants du code de la propri\u00e9t\u00e9 intellectuelle. Si vous souhaitez utiliser des images que vous trouverez sur notre site, merci de nous contacter au pr\u00e9alable.","breadcrumb":{"@id":"https:\/\/lovoice.fr\/index.php\/mentions-legales-lovoice\/#breadcrumb"},"inLanguage":"fr-FR","potentialAction":[{"@type":"ReadAction","target":["https:\/\/lovoice.fr\/index.php\/mentions-legales-lovoice\/"]}]},{"@type":"BreadcrumbList","@id":"https:\/\/lovoice.fr\/index.php\/mentions-legales-lovoice\/#breadcrumb","itemListElement":[{"@type":"ListItem","position":1,"name":"Accueil","item":"https:\/\/lovoice.fr\/"},{"@type":"ListItem","position":2,"name":"Mentions l\u00e9gales"}]},{"@type":"WebSite","@id":"https:\/\/lovoice.fr\/#website","url":"https:\/\/lovoice.fr\/","name":"LOVOICE","description":"D\u00e9couvrez une nouvelle VOIX de rencontre !","publisher":{"@id":"https:\/\/lovoice.fr\/#organization"},"potentialAction":[{"@type":"SearchAction","target":{"@type":"EntryPoint","urlTemplate":"https:\/\/lovoice.fr\/?s={search_term_string}"},"query-input":{"@type":"PropertyValueSpecification","valueRequired":true,"valueName":"search_term_string"}}],"inLanguage":"fr-FR"},{"@type":"Organization","@id":"https:\/\/lovoice.fr\/#organization","name":"LOVOICE","url":"https:\/\/lovoice.fr\/","logo":{"@type":"ImageObject","inLanguage":"fr-FR","@id":"https:\/\/lovoice.fr\/#\/schema\/logo\/image\/","url":"https:\/\/lovoice.fr\/wp-content\/uploads\/2023\/03\/LogoLOVOICE-NEON1Violet-copie.png","contentUrl":"https:\/\/lovoice.fr\/wp-content\/uploads\/2023\/03\/LogoLOVOICE-NEON1Violet-copie.png","width":967,"height":587,"caption":"LOVOICE"},"image":{"@id":"https:\/\/lovoice.fr\/#\/schema\/logo\/image\/"}}]}},"_links":{"self":[{"href":"https:\/\/lovoice.fr\/index.php\/wp-json\/wp\/v2\/pages\/903","targetHints":{"allow":["GET"]}}],"collection":[{"href":"https:\/\/lovoice.fr\/index.php\/wp-json\/wp\/v2\/pages"}],"about":[{"href":"https:\/\/lovoice.fr\/index.php\/wp-json\/wp\/v2\/types\/page"}],"author":[{"embeddable":true,"href":"https:\/\/lovoice.fr\/index.php\/wp-json\/wp\/v2\/users\/3"}],"replies":[{"embeddable":true,"href":"https:\/\/lovoice.fr\/index.php\/wp-json\/wp\/v2\/comments?post=903"}],"version-history":[{"count":60,"href":"https:\/\/lovoice.fr\/index.php\/wp-json\/wp\/v2\/pages\/903\/revisions"}],"predecessor-version":[{"id":1813,"href":"https:\/\/lovoice.fr\/index.php\/wp-json\/wp\/v2\/pages\/903\/revisions\/1813"}],"wp:attachment":[{"href":"https:\/\/lovoice.fr\/index.php\/wp-json\/wp\/v2\/media?parent=903"}],"curies":[{"name":"wp","href":"https:\/\/api.w.org\/{rel}","templated":true}]}}